{"id":2,"date":"2024-03-15T13:26:26","date_gmt":"2024-03-15T13:26:26","guid":{"rendered":"https:\/\/www.lesmaisonsdesandrine.fr\/?page_id=2"},"modified":"2024-03-15T14:15:45","modified_gmt":"2024-03-15T14:15:45","slug":"sample-page","status":"publish","type":"page","link":"https:\/\/www.lesmaisonsdesandrine.fr\/","title":{"rendered":"Les Maisons de Sandrine Verdier"},"content":{"rendered":"\n<div class=\"wp-block-stackable-text stk-block-text stk-block stk-71cafec\" data-block-id=\"71cafec\"><p class=\"stk-block-text__text has-text-align-center\">Les Maisons de Sandrine Verdier sont des g\u00eetes \u00e0 louer en P\u00e9rigord Noir.<\/p><\/div>\n\n\n\n<div class=\"wp-block-columns is-layout-flex wp-container-core-columns-is-layout-28f84493 wp-block-columns-is-layout-flex\">\n<div class=\"wp-block-column is-layout-flow wp-block-column-is-layout-flow\">\n<figure class=\"wp-block-image aligncenter size-large\"><a href=\"https:\/\/www.lesmaisonsdevaladier.fr\"><img loading=\"lazy\" decoding=\"async\" width=\"1024\" height=\"768\" src=\"https:\/\/www.lesmaisonsdesandrine.fr\/wp-content\/uploads\/2024\/03\/maisons-de-valadier-sandrine-verdier-1024x768.webp\" alt=\"Les Maisons de Valadier, g\u00eetes avec piscine \u00e0 Valojoulx\" class=\"wp-image-9\" srcset=\"https:\/\/www.lesmaisonsdesandrine.fr\/wp-content\/uploads\/2024\/03\/maisons-de-valadier-sandrine-verdier-1024x768.webp 1024w, https:\/\/www.lesmaisonsdesandrine.fr\/wp-content\/uploads\/2024\/03\/maisons-de-valadier-sandrine-verdier-300x225.webp 300w, https:\/\/www.lesmaisonsdesandrine.fr\/wp-content\/uploads\/2024\/03\/maisons-de-valadier-sandrine-verdier-768x576.webp 768w, https:\/\/www.lesmaisonsdesandrine.fr\/wp-content\/uploads\/2024\/03\/maisons-de-valadier-sandrine-verdier.webp 1200w\" sizes=\"auto, (max-width: 1024px) 100vw, 1024px\" \/><\/a><figcaption class=\"wp-element-caption\">Les Maisons de Valadier, g\u00eetes avec piscine \u00e0 Valojoulx<\/figcaption><\/figure>\n<\/div>\n\n\n\n<div class=\"wp-block-column is-layout-flow wp-block-column-is-layout-flow\">\n<figure class=\"wp-block-image aligncenter size-large\"><a href=\"https:\/\/www.lesmaisonsdesalon.fr\"><img loading=\"lazy\" decoding=\"async\" width=\"1024\" height=\"768\" src=\"https:\/\/www.lesmaisonsdesandrine.fr\/wp-content\/uploads\/2024\/03\/les-maisons-de-salon-gite-les-marronniers-piscine-06.jpg-1024x768.webp\" alt=\"Les Maisons de Salon, demeures de charme \u00e0 Sergeac\" class=\"wp-image-10\" srcset=\"https:\/\/www.lesmaisonsdesandrine.fr\/wp-content\/uploads\/2024\/03\/les-maisons-de-salon-gite-les-marronniers-piscine-06.jpg-1024x768.webp 1024w, https:\/\/www.lesmaisonsdesandrine.fr\/wp-content\/uploads\/2024\/03\/les-maisons-de-salon-gite-les-marronniers-piscine-06.jpg-300x225.webp 300w, https:\/\/www.lesmaisonsdesandrine.fr\/wp-content\/uploads\/2024\/03\/les-maisons-de-salon-gite-les-marronniers-piscine-06.jpg-768x576.webp 768w, https:\/\/www.lesmaisonsdesandrine.fr\/wp-content\/uploads\/2024\/03\/les-maisons-de-salon-gite-les-marronniers-piscine-06.jpg-1536x1152.webp 1536w, https:\/\/www.lesmaisonsdesandrine.fr\/wp-content\/uploads\/2024\/03\/les-maisons-de-salon-gite-les-marronniers-piscine-06.jpg.webp 1920w\" sizes=\"auto, (max-width: 1024px) 100vw, 1024px\" \/><\/a><figcaption class=\"wp-element-caption\">Les Maisons de Salon, demeures de charme \u00e0 Sergeac<\/figcaption><\/figure>\n<\/div>\n<\/div>\n\n\n\n<div style=\"height:40px\" aria-hidden=\"true\" class=\"wp-block-spacer\"><\/div>\n\n\n\n<div id=\"lmb_69d41207040b6\" class=\"map_block_leaflet\" style=\"height: 585px\"><\/div>\n\n<script>\n    document.addEventListener(\"DOMContentLoaded\", function() {\n        const markers = [{\"latlng\":[44.99543119120307,1.125631928443909],\"label\":\"Les Maisons de Salon - Sandrine Verdier\",\"content\":\"Les Maisons de Salon - Sandrine Verdier\"},{\"latlng\":[45.01354996532408,1.160463094711304],\"label\":\"Les Maisons de Valadier - Sandrine Verdier\",\"content\":\"Les Maisons de Valadier - Sandrine Verdier\"}];\n        \n        const center = [51.505, -0.09];\n\n        const layer = L.tileLayer(\"https:\/\/{s}.basemaps.cartocdn.com\/rastertiles\/voyager\/{z}\/{x}\/{y}{r}.png\", {\n\t\t\tattribution: '&copy; <a href=\"http: \/\/www.openstreetmap.org\/copyright\">OpenStreetMap<\/a> &copy; <a href=\"https:\/\/carto.com\/attribution\">CARTO<\/a>'\n\t\t});\n\n        const map = L.map(\"lmb_69d41207040b6\", { center: center, layers: [layer]});\n        map.scrollWheelZoom.disable();\n \n        if(markers.length > 0) {\n            markers.forEach( function(marker) {\n                const customIcon = marker.markerImage ? {\n                    url: marker.markerImage.url,\n                    width: marker.markerSize,\n                    height: marker.markerImage.height \/ marker.markerImage.width * marker.markerSize\n                } : null\n\n                const icon = customIcon\n                    ? new L.Icon({\n                        iconUrl: customIcon.url,\n                        iconSize: [customIcon.width, customIcon.height],\n                        iconAnchor: [customIcon.width \/ 2, customIcon.height],\n                        popupAnchor: [0, -customIcon.height \/ 1.25]\n                        })\n                    : new L.Icon.Default()\n\n                if(marker.content) {\n                    L.marker(marker.latlng, { icon: icon }).bindPopup(marker.content).addTo(map)\n                } else {\n                    L.marker(marker.latlng, { icon: icon }).addTo(map)\n                }\n            })\n\n            const bounds = markers.map(function(marker) {\n                return marker.latlng\n            })\n\n            map.fitBounds(bounds, {padding: [50, 50]})\n        }\n\n        const container = document.getElementById(\"lmb_69d41207040b6\");\n        \n        const observer = ResizeObserver && new ResizeObserver(function() {\n            map.invalidateSize(true);\n        });\n\n        observer && observer.observe(container);\n    });\n<\/script>\n","protected":false},"excerpt":{"rendered":"<p>Les Maisons de Sandrine Verdier sont des g\u00eetes \u00e0 louer en P\u00e9rigord Noir.<\/p>\n","protected":false},"author":1,"featured_media":0,"parent":0,"menu_order":0,"comment_status":"closed","ping_status":"closed","template":"","meta":{"footnotes":""},"class_list":["post-2","page","type-page","status-publish","hentry"],"blocksy_meta":[],"_links":{"self":[{"href":"https:\/\/www.lesmaisonsdesandrine.fr\/index.php\/wp-json\/wp\/v2\/pages\/2","targetHints":{"allow":["GET"]}}],"collection":[{"href":"https:\/\/www.lesmaisonsdesandrine.fr\/index.php\/wp-json\/wp\/v2\/pages"}],"about":[{"href":"https:\/\/www.lesmaisonsdesandrine.fr\/index.php\/wp-json\/wp\/v2\/types\/page"}],"author":[{"embeddable":true,"href":"https:\/\/www.lesmaisonsdesandrine.fr\/index.php\/wp-json\/wp\/v2\/users\/1"}],"replies":[{"embeddable":true,"href":"https:\/\/www.lesmaisonsdesandrine.fr\/index.php\/wp-json\/wp\/v2\/comments?post=2"}],"version-history":[{"count":7,"href":"https:\/\/www.lesmaisonsdesandrine.fr\/index.php\/wp-json\/wp\/v2\/pages\/2\/revisions"}],"predecessor-version":[{"id":30,"href":"https:\/\/www.lesmaisonsdesandrine.fr\/index.php\/wp-json\/wp\/v2\/pages\/2\/revisions\/30"}],"wp:attachment":[{"href":"https:\/\/www.lesmaisonsdesandrine.fr\/index.php\/wp-json\/wp\/v2\/media?parent=2"}],"curies":[{"name":"wp","href":"https:\/\/api.w.org\/{rel}","templated":true}]}}